{"id":238,"date":"2018-01-16T12:01:52","date_gmt":"2018-01-16T12:01:52","guid":{"rendered":"https:\/\/websitedemos.net\/plant-shop-03\/?page_id=4"},"modified":"2022-10-19T07:14:11","modified_gmt":"2022-10-19T07:14:11","slug":"home","status":"publish","type":"page","link":"https:\/\/carnimex.nl\/de\/","title":{"rendered":"Home"},"content":{"rendered":"<div data-elementor-type=\"wp-post\" data-elementor-id=\"238\" class=\"elementor elementor-238\" data-elementor-post-type=\"page\">\n\t\t\t\t\t\t<section class=\"elementor-section elementor-top-section elementor-element elementor-element-11dfe09 elementor-section-boxed elementor-section-height-default elementor-section-height-default\" data-id=\"11dfe09\" data-element_type=\"section\">\n\t\t\t\t\t\t<div class=\"elementor-container elementor-column-gap-default\">\n\t\t\t\t\t<div class=\"elementor-column elementor-col-100 elementor-top-column elementor-element elementor-element-b121d35\" data-id=\"b121d35\" data-element_type=\"column\">\n\t\t\t<div class=\"elementor-widget-wrap elementor-element-populated\">\n\t\t\t\t\t\t<div class=\"elementor-element elementor-element-5a53e54 elementor-widget elementor-widget-video\" data-id=\"5a53e54\" data-element_type=\"widget\" data-settings=\"{&quot;video_type&quot;:&quot;hosted&quot;,&quot;autoplay&quot;:&quot;yes&quot;,&quot;mute&quot;:&quot;yes&quot;,&quot;loop&quot;:&quot;yes&quot;}\" data-widget_type=\"video.default\">\n\t\t\t\t<div class=\"elementor-widget-container\">\n\t\t\t\t\t<div class=\"e-hosted-video elementor-wrapper elementor-open-inline\">\n\t\t\t\t\t<video class=\"elementor-video\" src=\"https:\/\/carnimex.nl\/wp-content\/uploads\/2020\/12\/Selectie_3.mp4\" autoplay=\"\" loop=\"\" muted=\"muted\" controlslist=\"nodownload\"><\/video>\n\t\t\t\t<\/div>\n\t\t\t\t<\/div>\n\t\t\t\t<\/div>\n\t\t\t\t\t<\/div>\n\t\t<\/div>\n\t\t\t\t\t<\/div>\n\t\t<\/section>\n\t\t\t\t<section class=\"elementor-section elementor-top-section elementor-element elementor-element-1625f51 elementor-section-boxed elementor-section-height-default elementor-section-height-default\" data-id=\"1625f51\" data-element_type=\"section\">\n\t\t\t\t\t\t<div class=\"elementor-container elementor-column-gap-default\">\n\t\t\t\t\t<div class=\"elementor-column elementor-col-100 elementor-top-column elementor-element elementor-element-fe68f1e\" data-id=\"fe68f1e\" data-element_type=\"column\">\n\t\t\t<div class=\"elementor-widget-wrap elementor-element-populated\">\n\t\t\t\t\t\t<div class=\"elementor-element elementor-element-2bb1f58 elementor-widget elementor-widget-text-editor\" data-id=\"2bb1f58\" data-element_type=\"widget\" data-widget_type=\"text-editor.default\">\n\t\t\t\t<div class=\"elementor-widget-container\">\n\t\t\t\t\t\t\t<p>Qualit\u00e4t ist unser Versprechen. Wir importieren nur die besten Produkte auf dem Markt.<br \/>Welcome to Carnimex, the boutique meat importer.<\/p>\t\t\t\t\t\t<\/div>\n\t\t\t\t<\/div>\n\t\t\t\t\t<\/div>\n\t\t<\/div>\n\t\t\t\t\t<\/div>\n\t\t<\/section>\n\t\t\t\t<section class=\"elementor-section elementor-top-section elementor-element elementor-element-c42b76c elementor-section-boxed elementor-section-height-default elementor-section-height-default\" data-id=\"c42b76c\" data-element_type=\"section\">\n\t\t\t\t\t\t<div class=\"elementor-container elementor-column-gap-default\">\n\t\t\t\t\t<div class=\"elementor-column elementor-col-33 elementor-top-column elementor-element elementor-element-b8e21ee\" data-id=\"b8e21ee\" data-element_type=\"column\">\n\t\t\t<div class=\"elementor-widget-wrap elementor-element-populated\">\n\t\t\t\t\t\t<div class=\"elementor-element elementor-element-4debbe6 elementor-widget elementor-widget-image\" data-id=\"4debbe6\" data-element_type=\"widget\" data-widget_type=\"image.default\">\n\t\t\t\t<div class=\"elementor-widget-container\">\n\t\t\t\t\t\t\t\t\t\t\t\t\t\t<a href=\"https:\/\/carnimex.nl\/de\/about\/\">\n\t\t\t\t\t\t\t<img fetchpriority=\"high\" decoding=\"async\" width=\"1024\" height=\"683\" src=\"https:\/\/carnimex.nl\/wp-content\/uploads\/2020\/07\/About-1024x683.jpg\" class=\"elementor-animation-grow attachment-large size-large wp-image-692\" alt=\"\" srcset=\"https:\/\/carnimex.nl\/wp-content\/uploads\/2020\/07\/About-1024x683.jpg 1024w, https:\/\/carnimex.nl\/wp-content\/uploads\/2020\/07\/About-300x200.jpg 300w, https:\/\/carnimex.nl\/wp-content\/uploads\/2020\/07\/About-768x512.jpg 768w\" sizes=\"(max-width: 1024px) 100vw, 1024px\" \/>\t\t\t\t\t\t\t\t<\/a>\n\t\t\t\t\t\t\t\t\t\t\t\t\t<\/div>\n\t\t\t\t<\/div>\n\t\t\t\t<div class=\"elementor-element elementor-element-fcd9281 elementor-absolute elementor-widget__width-initial elementor-widget elementor-widget-heading\" data-id=\"fcd9281\" data-element_type=\"widget\" data-settings=\"{&quot;_position&quot;:&quot;absolute&quot;}\" data-widget_type=\"heading.default\">\n\t\t\t\t<div class=\"elementor-widget-container\">\n\t\t\t<h2 class=\"elementor-heading-title elementor-size-default\">\u00dcber<\/h2>\t\t<\/div>\n\t\t\t\t<\/div>\n\t\t\t\t\t<\/div>\n\t\t<\/div>\n\t\t\t\t<div class=\"elementor-column elementor-col-33 elementor-top-column elementor-element elementor-element-bd6463f\" data-id=\"bd6463f\" data-element_type=\"column\">\n\t\t\t<div class=\"elementor-widget-wrap elementor-element-populated\">\n\t\t\t\t\t\t<div class=\"elementor-element elementor-element-ee17566 elementor-widget elementor-widget-image\" data-id=\"ee17566\" data-element_type=\"widget\" data-widget_type=\"image.default\">\n\t\t\t\t<div class=\"elementor-widget-container\">\n\t\t\t\t\t\t\t\t\t\t\t\t\t\t<a href=\"https:\/\/carnimex.nl\/de\/products\/\">\n\t\t\t\t\t\t\t<img decoding=\"async\" width=\"1024\" height=\"683\" src=\"https:\/\/carnimex.nl\/wp-content\/uploads\/2020\/12\/ha-2-1-1024x683.png\" class=\"elementor-animation-grow attachment-large size-large wp-image-829\" alt=\"\" srcset=\"https:\/\/carnimex.nl\/wp-content\/uploads\/2020\/12\/ha-2-1-1024x683.png 1024w, https:\/\/carnimex.nl\/wp-content\/uploads\/2020\/12\/ha-2-1-300x200.png 300w, https:\/\/carnimex.nl\/wp-content\/uploads\/2020\/12\/ha-2-1-768x512.png 768w, https:\/\/carnimex.nl\/wp-content\/uploads\/2020\/12\/ha-2-1-1536x1024.png 1536w, https:\/\/carnimex.nl\/wp-content\/uploads\/2020\/12\/ha-2-1-2048x1365.png 2048w\" sizes=\"(max-width: 1024px) 100vw, 1024px\" \/>\t\t\t\t\t\t\t\t<\/a>\n\t\t\t\t\t\t\t\t\t\t\t\t\t<\/div>\n\t\t\t\t<\/div>\n\t\t\t\t<div class=\"elementor-element elementor-element-17c88ce elementor-absolute elementor-widget__width-initial elementor-widget elementor-widget-heading\" data-id=\"17c88ce\" data-element_type=\"widget\" data-settings=\"{&quot;_position&quot;:&quot;absolute&quot;}\" data-widget_type=\"heading.default\">\n\t\t\t\t<div class=\"elementor-widget-container\">\n\t\t\t<h2 class=\"elementor-heading-title elementor-size-default\">Our products<\/h2>\t\t<\/div>\n\t\t\t\t<\/div>\n\t\t\t\t\t<\/div>\n\t\t<\/div>\n\t\t\t\t<div class=\"elementor-column elementor-col-33 elementor-top-column elementor-element elementor-element-8855229\" data-id=\"8855229\" data-element_type=\"column\">\n\t\t\t<div class=\"elementor-widget-wrap elementor-element-populated\">\n\t\t\t\t\t\t<div class=\"elementor-element elementor-element-ebcfbb6 elementor-widget elementor-widget-image\" data-id=\"ebcfbb6\" data-element_type=\"widget\" data-widget_type=\"image.default\">\n\t\t\t\t<div class=\"elementor-widget-container\">\n\t\t\t\t\t\t\t\t\t\t\t\t\t\t<a href=\"https:\/\/carnimex.nl\/de\/sustainability\/\">\n\t\t\t\t\t\t\t<img decoding=\"async\" width=\"1024\" height=\"683\" src=\"https:\/\/carnimex.nl\/wp-content\/uploads\/2020\/08\/dino-reichmuth-ftqFUopdDs-unsplash-1024x683.jpg\" class=\"elementor-animation-grow attachment-large size-large wp-image-755\" alt=\"\" srcset=\"https:\/\/carnimex.nl\/wp-content\/uploads\/2020\/08\/dino-reichmuth-ftqFUopdDs-unsplash-1024x683.jpg 1024w, https:\/\/carnimex.nl\/wp-content\/uploads\/2020\/08\/dino-reichmuth-ftqFUopdDs-unsplash-300x200.jpg 300w, https:\/\/carnimex.nl\/wp-content\/uploads\/2020\/08\/dino-reichmuth-ftqFUopdDs-unsplash-768x512.jpg 768w\" sizes=\"(max-width: 1024px) 100vw, 1024px\" \/>\t\t\t\t\t\t\t\t<\/a>\n\t\t\t\t\t\t\t\t\t\t\t\t\t<\/div>\n\t\t\t\t<\/div>\n\t\t\t\t<div class=\"elementor-element elementor-element-0eb764d elementor-absolute elementor-widget__width-initial elementor-widget elementor-widget-heading\" data-id=\"0eb764d\" data-element_type=\"widget\" data-settings=\"{&quot;_position&quot;:&quot;absolute&quot;}\" data-widget_type=\"heading.default\">\n\t\t\t\t<div class=\"elementor-widget-container\">\n\t\t\t<h2 class=\"elementor-heading-title elementor-size-default\">#numberonepriority<\/h2>\t\t<\/div>\n\t\t\t\t<\/div>\n\t\t\t\t\t<\/div>\n\t\t<\/div>\n\t\t\t\t\t<\/div>\n\t\t<\/section>\n\t\t\t\t<section class=\"elementor-section elementor-top-section elementor-element elementor-element-19855f4 elementor-section-boxed elementor-section-height-default elementor-section-height-default\" data-id=\"19855f4\" data-element_type=\"section\">\n\t\t\t\t\t\t<div class=\"elementor-container elementor-column-gap-default\">\n\t\t\t\t\t<div class=\"elementor-column elementor-col-33 elementor-top-column elementor-element elementor-element-177ae00\" data-id=\"177ae00\" data-element_type=\"column\">\n\t\t\t<div class=\"elementor-widget-wrap elementor-element-populated\">\n\t\t\t\t\t\t<div class=\"elementor-element elementor-element-978848d elementor-widget elementor-widget-image\" data-id=\"978848d\" data-element_type=\"widget\" data-widget_type=\"image.default\">\n\t\t\t\t<div class=\"elementor-widget-container\">\n\t\t\t\t\t\t\t\t\t\t\t\t\t\t<a href=\"https:\/\/carnimex.nl\/de\/news\/\">\n\t\t\t\t\t\t\t<img loading=\"lazy\" decoding=\"async\" width=\"1024\" height=\"683\" src=\"https:\/\/carnimex.nl\/wp-content\/uploads\/2021\/01\/ha-2-1-2048x1365-1-1024x683.jpg\" class=\"elementor-animation-grow attachment-large size-large wp-image-974\" alt=\"\" srcset=\"https:\/\/carnimex.nl\/wp-content\/uploads\/2021\/01\/ha-2-1-2048x1365-1-1024x683.jpg 1024w, https:\/\/carnimex.nl\/wp-content\/uploads\/2021\/01\/ha-2-1-2048x1365-1-300x200.jpg 300w, https:\/\/carnimex.nl\/wp-content\/uploads\/2021\/01\/ha-2-1-2048x1365-1-768x512.jpg 768w, https:\/\/carnimex.nl\/wp-content\/uploads\/2021\/01\/ha-2-1-2048x1365-1-1536x1024.jpg 1536w, https:\/\/carnimex.nl\/wp-content\/uploads\/2021\/01\/ha-2-1-2048x1365-1-16x12.jpg 16w, https:\/\/carnimex.nl\/wp-content\/uploads\/2021\/01\/ha-2-1-2048x1365-1.jpg 2048w\" sizes=\"(max-width: 1024px) 100vw, 1024px\" \/>\t\t\t\t\t\t\t\t<\/a>\n\t\t\t\t\t\t\t\t\t\t\t\t\t<\/div>\n\t\t\t\t<\/div>\n\t\t\t\t<div class=\"elementor-element elementor-element-9b2a563 elementor-absolute elementor-widget__width-initial elementor-widget elementor-widget-heading\" data-id=\"9b2a563\" data-element_type=\"widget\" data-settings=\"{&quot;_position&quot;:&quot;absolute&quot;}\" data-widget_type=\"heading.default\">\n\t\t\t\t<div class=\"elementor-widget-container\">\n\t\t\t<h2 class=\"elementor-heading-title elementor-size-default\">News<\/h2>\t\t<\/div>\n\t\t\t\t<\/div>\n\t\t\t\t\t<\/div>\n\t\t<\/div>\n\t\t\t\t<div class=\"elementor-column elementor-col-33 elementor-top-column elementor-element elementor-element-b04d06c\" data-id=\"b04d06c\" data-element_type=\"column\">\n\t\t\t<div class=\"elementor-widget-wrap elementor-element-populated\">\n\t\t\t\t\t\t<div class=\"elementor-element elementor-element-5e2a10a elementor-widget elementor-widget-image\" data-id=\"5e2a10a\" data-element_type=\"widget\" data-widget_type=\"image.default\">\n\t\t\t\t<div class=\"elementor-widget-container\">\n\t\t\t\t\t\t\t\t\t\t\t\t\t\t<a href=\"https:\/\/carnimex.nl\/de\/team\/\">\n\t\t\t\t\t\t\t<img loading=\"lazy\" decoding=\"async\" width=\"1024\" height=\"683\" src=\"https:\/\/carnimex.nl\/wp-content\/uploads\/2020\/08\/matteo-vistocco-Dph00R2SwFo-unsplash-1kopie-1024x683.jpg\" class=\"elementor-animation-grow attachment-large size-large wp-image-743\" alt=\"\" srcset=\"https:\/\/carnimex.nl\/wp-content\/uploads\/2020\/08\/matteo-vistocco-Dph00R2SwFo-unsplash-1kopie-1024x683.jpg 1024w, https:\/\/carnimex.nl\/wp-content\/uploads\/2020\/08\/matteo-vistocco-Dph00R2SwFo-unsplash-1kopie-300x200.jpg 300w, https:\/\/carnimex.nl\/wp-content\/uploads\/2020\/08\/matteo-vistocco-Dph00R2SwFo-unsplash-1kopie-768x512.jpg 768w\" sizes=\"(max-width: 1024px) 100vw, 1024px\" \/>\t\t\t\t\t\t\t\t<\/a>\n\t\t\t\t\t\t\t\t\t\t\t\t\t<\/div>\n\t\t\t\t<\/div>\n\t\t\t\t<div class=\"elementor-element elementor-element-1b42e3e elementor-absolute elementor-widget__width-initial elementor-widget elementor-widget-heading\" data-id=\"1b42e3e\" data-element_type=\"widget\" data-settings=\"{&quot;_position&quot;:&quot;absolute&quot;}\" data-widget_type=\"heading.default\">\n\t\t\t\t<div class=\"elementor-widget-container\">\n\t\t\t<h2 class=\"elementor-heading-title elementor-size-default\">Team<\/h2>\t\t<\/div>\n\t\t\t\t<\/div>\n\t\t\t\t\t<\/div>\n\t\t<\/div>\n\t\t\t\t<div class=\"elementor-column elementor-col-33 elementor-top-column elementor-element elementor-element-6b9c20a\" data-id=\"6b9c20a\" data-element_type=\"column\">\n\t\t\t<div class=\"elementor-widget-wrap elementor-element-populated\">\n\t\t\t\t\t\t<div class=\"elementor-element elementor-element-136a3bb elementor-widget elementor-widget-image\" data-id=\"136a3bb\" data-element_type=\"widget\" data-widget_type=\"image.default\">\n\t\t\t\t<div class=\"elementor-widget-container\">\n\t\t\t\t\t\t\t\t\t\t\t\t\t\t<a href=\"https:\/\/carnimex.nl\/de\/contact\/\">\n\t\t\t\t\t\t\t<img loading=\"lazy\" decoding=\"async\" width=\"1024\" height=\"682\" src=\"https:\/\/carnimex.nl\/wp-content\/uploads\/2020\/07\/Contact-1024x682.jpg\" class=\"elementor-animation-grow attachment-large size-large wp-image-693\" alt=\"\" srcset=\"https:\/\/carnimex.nl\/wp-content\/uploads\/2020\/07\/Contact-1024x682.jpg 1024w, https:\/\/carnimex.nl\/wp-content\/uploads\/2020\/07\/Contact-300x200.jpg 300w, https:\/\/carnimex.nl\/wp-content\/uploads\/2020\/07\/Contact-768x512.jpg 768w\" sizes=\"(max-width: 1024px) 100vw, 1024px\" \/>\t\t\t\t\t\t\t\t<\/a>\n\t\t\t\t\t\t\t\t\t\t\t\t\t<\/div>\n\t\t\t\t<\/div>\n\t\t\t\t<div class=\"elementor-element elementor-element-6f08ae2 elementor-absolute elementor-widget__width-initial elementor-widget elementor-widget-heading\" data-id=\"6f08ae2\" data-element_type=\"widget\" data-settings=\"{&quot;_position&quot;:&quot;absolute&quot;}\" data-widget_type=\"heading.default\">\n\t\t\t\t<div class=\"elementor-widget-container\">\n\t\t\t<h2 class=\"elementor-heading-title elementor-size-default\">Kontakt<\/h2>\t\t<\/div>\n\t\t\t\t<\/div>\n\t\t\t\t\t<\/div>\n\t\t<\/div>\n\t\t\t\t\t<\/div>\n\t\t<\/section>\n\t\t\t\t<section class=\"elementor-section elementor-top-section elementor-element elementor-element-dc09f4c elementor-section-boxed elementor-section-height-default elementor-section-height-default\" data-id=\"dc09f4c\" data-element_type=\"section\">\n\t\t\t\t\t\t<div class=\"elementor-container elementor-column-gap-default\">\n\t\t\t\t\t<div class=\"elementor-column elementor-col-100 elementor-top-column elementor-element elementor-element-2e31dea\" data-id=\"2e31dea\" data-element_type=\"column\">\n\t\t\t<div class=\"elementor-widget-wrap elementor-element-populated\">\n\t\t\t\t\t\t<div class=\"elementor-element elementor-element-749c290 elementor-widget elementor-widget-heading\" data-id=\"749c290\" data-element_type=\"widget\" data-widget_type=\"heading.default\">\n\t\t\t\t<div class=\"elementor-widget-container\">\n\t\t\t<p class=\"elementor-heading-title elementor-size-default\">Jede Entscheidung, die wir treffen, ist basiert auf den W\u00fcnschen unserer Kunden und ihrer Wertsch\u00e4tzung f\u00fcr Qualit\u00e4t. Seit 1965 beliefern wir die Welt mit Premiumfleisch. Wir importieren und exportieren Qualit\u00e4tsfleisch eltweit mit einer simplen, aber sehr wichtigen Philosophie: Arbeiten im Einklang mit der Natur. <\/p>\t\t<\/div>\n\t\t\t\t<\/div>\n\t\t\t\t\t<\/div>\n\t\t<\/div>\n\t\t\t\t\t<\/div>\n\t\t<\/section>\n\t\t\t\t<\/div>","protected":false},"excerpt":{"rendered":"<p>https:\/\/carnimex.nl\/wp-content\/uploads\/2020\/12\/Selectie_3.mp4 Quality is our guarantee. We only import the best products available.Welcome to Carnimex, the boutique meat importer. About Our products #numberonepriority News Team Contact Every decision we make, is based on meeting our costumers demands and their appreciation for quality. We\u2019ve been supplying premium meat to the world since 1965. We import and export &hellip;<\/p>\n<p class=\"read-more\"> <a class=\"\" href=\"https:\/\/carnimex.nl\/de\/\"> <span class=\"screen-reader-text\">Home<\/span> Weiterlesen &raquo;<\/a><\/p>","protected":false},"author":3,"featured_media":0,"parent":0,"menu_order":0,"comment_status":"closed","ping_status":"closed","template":"","meta":{"footnotes":""},"_links":{"self":[{"href":"https:\/\/carnimex.nl\/de\/wp-json\/wp\/v2\/pages\/238"}],"collection":[{"href":"https:\/\/carnimex.nl\/de\/wp-json\/wp\/v2\/pages"}],"about":[{"href":"https:\/\/carnimex.nl\/de\/wp-json\/wp\/v2\/types\/page"}],"author":[{"embeddable":true,"href":"https:\/\/carnimex.nl\/de\/wp-json\/wp\/v2\/users\/3"}],"replies":[{"embeddable":true,"href":"https:\/\/carnimex.nl\/de\/wp-json\/wp\/v2\/comments?post=238"}],"version-history":[{"count":105,"href":"https:\/\/carnimex.nl\/de\/wp-json\/wp\/v2\/pages\/238\/revisions"}],"predecessor-version":[{"id":1266,"href":"https:\/\/carnimex.nl\/de\/wp-json\/wp\/v2\/pages\/238\/revisions\/1266"}],"wp:attachment":[{"href":"https:\/\/carnimex.nl\/de\/wp-json\/wp\/v2\/media?parent=238"}],"curies":[{"name":"wp","href":"https:\/\/api.w.org\/{rel}","templated":true}]}}