{"id":589,"date":"2020-02-10T11:12:36","date_gmt":"2020-02-10T11:12:36","guid":{"rendered":"https:\/\/carnimex.nl\/?page_id=589"},"modified":"2021-02-16T14:42:41","modified_gmt":"2021-02-16T14:42:41","slug":"sustainability","status":"publish","type":"page","link":"https:\/\/carnimex.nl\/de\/sustainability\/","title":{"rendered":"#numberonepriority"},"content":{"rendered":"<div data-elementor-type=\"wp-page\" data-elementor-id=\"589\" class=\"elementor elementor-589\" data-elementor-post-type=\"page\">\n\t\t\t\t\t\t<section class=\"elementor-section elementor-top-section elementor-element elementor-element-92ce52a elementor-section-boxed elementor-section-height-default elementor-section-height-default\" data-id=\"92ce52a\" data-element_type=\"section\">\n\t\t\t\t\t\t<div class=\"elementor-container elementor-column-gap-default\">\n\t\t\t\t\t<div class=\"elementor-column elementor-col-100 elementor-top-column elementor-element elementor-element-2233ad9\" data-id=\"2233ad9\" data-element_type=\"column\">\n\t\t\t<div class=\"elementor-widget-wrap elementor-element-populated\">\n\t\t\t\t\t\t<div class=\"elementor-element elementor-element-4dbc09f elementor-widget elementor-widget-image\" data-id=\"4dbc09f\" data-element_type=\"widget\" data-widget_type=\"image.default\">\n\t\t\t\t<div class=\"elementor-widget-container\">\n\t\t\t\t\t\t\t\t\t\t\t\t\t<img fetchpriority=\"high\" decoding=\"async\" width=\"2560\" height=\"1707\" src=\"https:\/\/carnimex.nl\/wp-content\/uploads\/2020\/08\/dino-reichmuth-ftqFUopdDs-unsplash.jpg\" class=\"attachment-full size-full wp-image-755\" alt=\"\" srcset=\"https:\/\/carnimex.nl\/wp-content\/uploads\/2020\/08\/dino-reichmuth-ftqFUopdDs-unsplash.jpg 2560w, https:\/\/carnimex.nl\/wp-content\/uploads\/2020\/08\/dino-reichmuth-ftqFUopdDs-unsplash-300x200.jpg 300w, https:\/\/carnimex.nl\/wp-content\/uploads\/2020\/08\/dino-reichmuth-ftqFUopdDs-unsplash-768x512.jpg 768w, https:\/\/carnimex.nl\/wp-content\/uploads\/2020\/08\/dino-reichmuth-ftqFUopdDs-unsplash-1024x683.jpg 1024w\" sizes=\"(max-width: 2560px) 100vw, 2560px\" \/>\t\t\t\t\t\t\t\t\t\t\t\t\t<\/div>\n\t\t\t\t<\/div>\n\t\t\t\t\t<\/div>\n\t\t<\/div>\n\t\t\t\t\t<\/div>\n\t\t<\/section>\n\t\t\t\t<section class=\"elementor-section elementor-top-section elementor-element elementor-element-04c2360 elementor-section-boxed elementor-section-height-default elementor-section-height-default\" data-id=\"04c2360\" data-element_type=\"section\">\n\t\t\t\t\t\t<div class=\"elementor-container elementor-column-gap-default\">\n\t\t\t\t\t<div class=\"elementor-column elementor-col-100 elementor-top-column elementor-element elementor-element-eb028c7\" data-id=\"eb028c7\" data-element_type=\"column\">\n\t\t\t<div class=\"elementor-widget-wrap elementor-element-populated\">\n\t\t\t\t\t\t<div class=\"elementor-element elementor-element-856d8ad elementor-widget elementor-widget-heading\" data-id=\"856d8ad\" data-element_type=\"widget\" data-widget_type=\"heading.default\">\n\t\t\t\t<div class=\"elementor-widget-container\">\n\t\t\t<h2 class=\"elementor-heading-title elementor-size-default\">#numberonepriority<\/h2>\t\t<\/div>\n\t\t\t\t<\/div>\n\t\t\t\t<div class=\"elementor-element elementor-element-4918d8e elementor-widget elementor-widget-text-editor\" data-id=\"4918d8e\" data-element_type=\"widget\" data-widget_type=\"text-editor.default\">\n\t\t\t\t<div class=\"elementor-widget-container\">\n\t\t\t\t\t\t\t<p>Wir importieren nur die besten Produkte auf dem Markt. Sorgf\u00e4ltig ausgew\u00e4hlte Lieferanten und Rinder, zertifiziertes Fleisch und sorgf\u00e4ltiger Transport. Das Wohlergehen unserer Tiere resultiert in erstklassigem Rindfleisch, auf das wir stolz sind. Je besser sie leben, desto besser das Fleisch.<\/p>\t\t\t\t\t\t<\/div>\n\t\t\t\t<\/div>\n\t\t\t\t\t<\/div>\n\t\t<\/div>\n\t\t\t\t\t<\/div>\n\t\t<\/section>\n\t\t\t\t<section class=\"elementor-section elementor-top-section elementor-element elementor-element-df7d5fa elementor-section-boxed elementor-section-height-default elementor-section-height-default\" data-id=\"df7d5fa\" data-element_type=\"section\">\n\t\t\t\t\t\t<div class=\"elementor-container elementor-column-gap-default\">\n\t\t\t\t\t<div class=\"elementor-column elementor-col-50 elementor-top-column elementor-element elementor-element-3883511\" data-id=\"3883511\" data-element_type=\"column\">\n\t\t\t<div class=\"elementor-widget-wrap elementor-element-populated\">\n\t\t\t\t\t\t<div class=\"elementor-element elementor-element-20e2cea elementor-widget elementor-widget-image\" data-id=\"20e2cea\" data-element_type=\"widget\" data-widget_type=\"image.default\">\n\t\t\t\t<div class=\"elementor-widget-container\">\n\t\t\t\t\t\t\t\t\t\t\t\t\t<img decoding=\"async\" width=\"1024\" height=\"683\" src=\"https:\/\/carnimex.nl\/wp-content\/uploads\/2020\/07\/About-1024x683.jpg\" class=\"attachment-large size-large wp-image-692\" alt=\"\" srcset=\"https:\/\/carnimex.nl\/wp-content\/uploads\/2020\/07\/About-1024x683.jpg 1024w, https:\/\/carnimex.nl\/wp-content\/uploads\/2020\/07\/About-300x200.jpg 300w, https:\/\/carnimex.nl\/wp-content\/uploads\/2020\/07\/About-768x512.jpg 768w\" sizes=\"(max-width: 1024px) 100vw, 1024px\" \/>\t\t\t\t\t\t\t\t\t\t\t\t\t<\/div>\n\t\t\t\t<\/div>\n\t\t\t\t\t<\/div>\n\t\t<\/div>\n\t\t\t\t<div class=\"elementor-column elementor-col-50 elementor-top-column elementor-element elementor-element-4252234\" data-id=\"4252234\" data-element_type=\"column\">\n\t\t\t<div class=\"elementor-widget-wrap elementor-element-populated\">\n\t\t\t\t\t\t<div class=\"elementor-element elementor-element-450ed00 elementor-widget elementor-widget-text-editor\" data-id=\"450ed00\" data-element_type=\"widget\" data-widget_type=\"text-editor.default\">\n\t\t\t\t<div class=\"elementor-widget-container\">\n\t\t\t\t\t\t\t<p>Jeder von uns tr\u00e4gt die Verantwortung f\u00fcr die Nachhaltigkeit unseres Planeten, f\u00fcr den Tierschutzes, die Industrie und die Mitmenschen und jeder von uns kann etwas bewirken, wenn er nur will. Bei Carnimex haben wir unsere Verantwortung genommen und #numberonepriority eingef\u00fchrt, um unsere wahre Priorit\u00e4t zu demonstrieren: Das Wohlbefinden der Tiere und Nachhaltigkeit. Seit 1965 beliefern wir die Welt mit erstklassigem Fleisch. Mit diesem Erfahrungsschatz importieren und exportieren wir weltweit mit einer einfachen, aber lebenswichtigen Philosophie: im Einklang mit der Natur zu arbeiten. Das Wohlergehen unserer Rinder in einem nachhaltigen Prozess steht im Mittelpunkt von allem, was wir tun.<\/p>\t\t\t\t\t\t<\/div>\n\t\t\t\t<\/div>\n\t\t\t\t\t<\/div>\n\t\t<\/div>\n\t\t\t\t\t<\/div>\n\t\t<\/section>\n\t\t\t\t<section class=\"elementor-section elementor-top-section elementor-element elementor-element-25fd3d0 elementor-section-boxed elementor-section-height-default elementor-section-height-default\" data-id=\"25fd3d0\" data-element_type=\"section\">\n\t\t\t\t\t\t<div class=\"elementor-container elementor-column-gap-default\">\n\t\t\t\t\t<div class=\"elementor-column elementor-col-50 elementor-top-column elementor-element elementor-element-a39f805\" data-id=\"a39f805\" data-element_type=\"column\">\n\t\t\t<div class=\"elementor-widget-wrap elementor-element-populated\">\n\t\t\t\t\t\t<div class=\"elementor-element elementor-element-f309421 elementor-widget elementor-widget-text-editor\" data-id=\"f309421\" data-element_type=\"widget\" data-widget_type=\"text-editor.default\">\n\t\t\t\t<div class=\"elementor-widget-container\">\n\t\t\t\t\t\t\t<p>Ein proaktiver Ansatz f\u00fcr das Wohlergehen der Tiere wird durch die Einf\u00fchrung neuer Techniken und Programme erm\u00f6glicht. So stellen wir stets die bestm\u00f6gliche Pflege und Handhabung unserer Tiere sicher. Unser Unternehmensethos beruht auf der \u00dcberzeugung, dass wir durch gute Landwirtschaft nachhaltig gesundes, nahrhaftes und hochwertiges Fleisch f\u00fcr unsere M\u00e4rkte produzieren k\u00f6nnen. Die Tiere sind unser Lebensunterhalt und Verm\u00e4chtnis. Deshalb m\u00fcssen wir sicherstellen, dass wir, und auch das Land auf dem sie leben, ihre Bed\u00fcrfnisse erf\u00fcllen<\/p>\t\t\t\t\t\t<\/div>\n\t\t\t\t<\/div>\n\t\t\t\t\t<\/div>\n\t\t<\/div>\n\t\t\t\t<div class=\"elementor-column elementor-col-50 elementor-top-column elementor-element elementor-element-a987855\" data-id=\"a987855\" data-element_type=\"column\">\n\t\t\t<div class=\"elementor-widget-wrap elementor-element-populated\">\n\t\t\t\t\t\t<div class=\"elementor-element elementor-element-21eb8d5 elementor-widget elementor-widget-image\" data-id=\"21eb8d5\" data-element_type=\"widget\" data-widget_type=\"image.default\">\n\t\t\t\t<div class=\"elementor-widget-container\">\n\t\t\t\t\t\t\t\t\t\t\t\t\t<img decoding=\"async\" width=\"1024\" height=\"683\" src=\"https:\/\/carnimex.nl\/wp-content\/uploads\/2020\/07\/Visual_2-1024x683.jpg\" class=\"attachment-large size-large wp-image-701\" alt=\"\" srcset=\"https:\/\/carnimex.nl\/wp-content\/uploads\/2020\/07\/Visual_2-1024x683.jpg 1024w, https:\/\/carnimex.nl\/wp-content\/uploads\/2020\/07\/Visual_2-300x200.jpg 300w, https:\/\/carnimex.nl\/wp-content\/uploads\/2020\/07\/Visual_2-768x512.jpg 768w\" sizes=\"(max-width: 1024px) 100vw, 1024px\" \/>\t\t\t\t\t\t\t\t\t\t\t\t\t<\/div>\n\t\t\t\t<\/div>\n\t\t\t\t\t<\/div>\n\t\t<\/div>\n\t\t\t\t\t<\/div>\n\t\t<\/section>\n\t\t\t\t<\/div>","protected":false},"excerpt":{"rendered":"<p>#numberonepriority We only import the best products available. Carefully selected suppliers and cattle, certified protein and thoughtfully transported. The well-being of our animals results in prime beef, a product we are proud of. The better they live, the better the meat. Each of us has a responsibility for the sustainability of our planet, animal welfare, &hellip;<\/p>\n<p class=\"read-more\"> <a class=\"\" href=\"https:\/\/carnimex.nl\/de\/sustainability\/\"> <span class=\"screen-reader-text\">#numberonepriority<\/span> Weiterlesen &raquo;<\/a><\/p>","protected":false},"author":3,"featured_media":0,"parent":0,"menu_order":0,"comment_status":"closed","ping_status":"closed","template":"","meta":{"footnotes":""},"_links":{"self":[{"href":"https:\/\/carnimex.nl\/de\/wp-json\/wp\/v2\/pages\/589"}],"collection":[{"href":"https:\/\/carnimex.nl\/de\/wp-json\/wp\/v2\/pages"}],"about":[{"href":"https:\/\/carnimex.nl\/de\/wp-json\/wp\/v2\/types\/page"}],"author":[{"embeddable":true,"href":"https:\/\/carnimex.nl\/de\/wp-json\/wp\/v2\/users\/3"}],"replies":[{"embeddable":true,"href":"https:\/\/carnimex.nl\/de\/wp-json\/wp\/v2\/comments?post=589"}],"version-history":[{"count":44,"href":"https:\/\/carnimex.nl\/de\/wp-json\/wp\/v2\/pages\/589\/revisions"}],"predecessor-version":[{"id":1147,"href":"https:\/\/carnimex.nl\/de\/wp-json\/wp\/v2\/pages\/589\/revisions\/1147"}],"wp:attachment":[{"href":"https:\/\/carnimex.nl\/de\/wp-json\/wp\/v2\/media?parent=589"}],"curies":[{"name":"wp","href":"https:\/\/api.w.org\/{rel}","templated":true}]}}