{"id":607,"date":"2020-02-10T12:22:32","date_gmt":"2020-02-10T12:22:32","guid":{"rendered":"https:\/\/carnimex.nl\/?page_id=607"},"modified":"2024-07-05T08:31:30","modified_gmt":"2024-07-05T08:31:30","slug":"about","status":"publish","type":"page","link":"https:\/\/carnimex.nl\/de\/about\/","title":{"rendered":"\u00dcber"},"content":{"rendered":"<div data-elementor-type=\"wp-page\" data-elementor-id=\"607\" class=\"elementor elementor-607\" data-elementor-post-type=\"page\">\n\t\t\t\t\t\t<section class=\"elementor-section elementor-top-section elementor-element elementor-element-a850d36 elementor-section-boxed elementor-section-height-default elementor-section-height-default\" data-id=\"a850d36\" data-element_type=\"section\">\n\t\t\t\t\t\t<div class=\"elementor-container elementor-column-gap-default\">\n\t\t\t\t\t<div class=\"elementor-column elementor-col-100 elementor-top-column elementor-element elementor-element-91e3f46\" data-id=\"91e3f46\" data-element_type=\"column\">\n\t\t\t<div class=\"elementor-widget-wrap elementor-element-populated\">\n\t\t\t\t\t\t<div class=\"elementor-element elementor-element-ffb227b elementor-widget elementor-widget-image\" data-id=\"ffb227b\" data-element_type=\"widget\" data-widget_type=\"image.default\">\n\t\t\t\t<div class=\"elementor-widget-container\">\n\t\t\t\t\t\t\t\t\t\t\t\t\t<img fetchpriority=\"high\" decoding=\"async\" width=\"2560\" height=\"1800\" src=\"https:\/\/carnimex.nl\/wp-content\/uploads\/2024\/07\/Carnimex_Map_cropped-1-scaled.jpg\" class=\"attachment-full size-full wp-image-1377\" alt=\"Carnimex import world Map\" srcset=\"https:\/\/carnimex.nl\/wp-content\/uploads\/2024\/07\/Carnimex_Map_cropped-1-scaled.jpg 2560w, https:\/\/carnimex.nl\/wp-content\/uploads\/2024\/07\/Carnimex_Map_cropped-1-300x211.jpg 300w, https:\/\/carnimex.nl\/wp-content\/uploads\/2024\/07\/Carnimex_Map_cropped-1-1024x720.jpg 1024w, https:\/\/carnimex.nl\/wp-content\/uploads\/2024\/07\/Carnimex_Map_cropped-1-768x540.jpg 768w, https:\/\/carnimex.nl\/wp-content\/uploads\/2024\/07\/Carnimex_Map_cropped-1-1536x1080.jpg 1536w, https:\/\/carnimex.nl\/wp-content\/uploads\/2024\/07\/Carnimex_Map_cropped-1-2048x1440.jpg 2048w, https:\/\/carnimex.nl\/wp-content\/uploads\/2024\/07\/Carnimex_Map_cropped-1-18x12.jpg 18w\" sizes=\"(max-width: 2560px) 100vw, 2560px\" \/>\t\t\t\t\t\t\t\t\t\t\t\t\t<\/div>\n\t\t\t\t<\/div>\n\t\t\t\t\t<\/div>\n\t\t<\/div>\n\t\t\t\t\t<\/div>\n\t\t<\/section>\n\t\t\t\t<section class=\"elementor-section elementor-top-section elementor-element elementor-element-77be568 elementor-section-boxed elementor-section-height-default elementor-section-height-default\" data-id=\"77be568\" data-element_type=\"section\">\n\t\t\t\t\t\t<div class=\"elementor-container elementor-column-gap-default\">\n\t\t\t\t\t<div class=\"elementor-column elementor-col-100 elementor-top-column elementor-element elementor-element-cf00df7\" data-id=\"cf00df7\" data-element_type=\"column\">\n\t\t\t<div class=\"elementor-widget-wrap elementor-element-populated\">\n\t\t\t\t\t\t<div class=\"elementor-element elementor-element-60a46bb elementor-widget elementor-widget-heading\" data-id=\"60a46bb\" data-element_type=\"widget\" data-widget_type=\"heading.default\">\n\t\t\t\t<div class=\"elementor-widget-container\">\n\t\t\t<h2 class=\"elementor-heading-title elementor-size-default\">\u00dcber<\/h2>\t\t<\/div>\n\t\t\t\t<\/div>\n\t\t\t\t<div class=\"elementor-element elementor-element-5f6a2e0 elementor-widget elementor-widget-text-editor\" data-id=\"5f6a2e0\" data-element_type=\"widget\" data-widget_type=\"text-editor.default\">\n\t\t\t\t<div class=\"elementor-widget-container\">\n\t\t\t\t\t\t\t<p>Wir arbeiten mit der Natur. Das Wohlergehen unserer Tiere f\u00fchrt zu erstklassigem Rindfleisch. Darauf sind wir stolz. Je besser die Tiere leben, desto besser das Fleisch und damit unser Gesch\u00e4ft. So einfach ist das!<\/p>\t\t\t\t\t\t<\/div>\n\t\t\t\t<\/div>\n\t\t\t\t\t<\/div>\n\t\t<\/div>\n\t\t\t\t\t<\/div>\n\t\t<\/section>\n\t\t\t\t<section class=\"elementor-section elementor-top-section elementor-element elementor-element-8b3dfd1 elementor-section-boxed elementor-section-height-default elementor-section-height-default\" data-id=\"8b3dfd1\" data-element_type=\"section\">\n\t\t\t\t\t\t<div class=\"elementor-container elementor-column-gap-default\">\n\t\t\t\t\t<div class=\"elementor-column elementor-col-50 elementor-top-column elementor-element elementor-element-586afd6\" data-id=\"586afd6\" data-element_type=\"column\">\n\t\t\t<div class=\"elementor-widget-wrap elementor-element-populated\">\n\t\t\t\t\t\t<div class=\"elementor-element elementor-element-f7fd664 elementor-widget elementor-widget-image\" data-id=\"f7fd664\" data-element_type=\"widget\" data-widget_type=\"image.default\">\n\t\t\t\t<div class=\"elementor-widget-container\">\n\t\t\t\t\t\t\t\t\t\t\t\t\t<img decoding=\"async\" width=\"1024\" height=\"683\" src=\"https:\/\/carnimex.nl\/wp-content\/uploads\/2020\/07\/Visual_1-1024x683.jpg\" class=\"attachment-large size-large wp-image-700\" alt=\"\" srcset=\"https:\/\/carnimex.nl\/wp-content\/uploads\/2020\/07\/Visual_1-1024x683.jpg 1024w, https:\/\/carnimex.nl\/wp-content\/uploads\/2020\/07\/Visual_1-300x200.jpg 300w, https:\/\/carnimex.nl\/wp-content\/uploads\/2020\/07\/Visual_1-768x512.jpg 768w\" sizes=\"(max-width: 1024px) 100vw, 1024px\" \/>\t\t\t\t\t\t\t\t\t\t\t\t\t<\/div>\n\t\t\t\t<\/div>\n\t\t\t\t\t<\/div>\n\t\t<\/div>\n\t\t\t\t<div class=\"elementor-column elementor-col-50 elementor-top-column elementor-element elementor-element-705741b\" data-id=\"705741b\" data-element_type=\"column\">\n\t\t\t<div class=\"elementor-widget-wrap elementor-element-populated\">\n\t\t\t\t\t\t<div class=\"elementor-element elementor-element-982c4f9 elementor-widget elementor-widget-text-editor\" data-id=\"982c4f9\" data-element_type=\"widget\" data-widget_type=\"text-editor.default\">\n\t\t\t\t<div class=\"elementor-widget-container\">\n\t\t\t\t\t\t\t<p>Da wir seit \u00fcber 50 Jahren im Fleischimportgesch\u00e4ft t\u00e4tig sind, haben wir gro\u00dfen Respekt vor Traditionen. Wir feiern unser Erbe, suchen aber immer nach neuen, erfrischenden M\u00f6glichkeiten, um relevant zu bleiben und unsere Branche anzuf\u00fchren. Unser Ziel ist es, ein branchenf\u00fchrender und transparenter Boutique-Fleischimporteur mit erg\u00e4nzenden Handelsmarken zu sein, der Qualit\u00e4t, Innovation, Wohlbefinden der Tiere und Nachhaltigkeit als Kernwerte tr\u00e4gt.<\/p><p>Mit dem Einsatz des Carnimex-Teams, der Lieferanten und der Lieferkette k\u00f6nnen wir ein einzigartiges und wettbewerbsf\u00e4higes Wertversprechen geben. Darauf sind wir stolz und arbeiten tagt\u00e4glich mit Leidenschaft daran.<\/p>\t\t\t\t\t\t<\/div>\n\t\t\t\t<\/div>\n\t\t\t\t\t<\/div>\n\t\t<\/div>\n\t\t\t\t\t<\/div>\n\t\t<\/section>\n\t\t\t\t<section class=\"elementor-section elementor-top-section elementor-element elementor-element-77eb29c elementor-section-boxed elementor-section-height-default elementor-section-height-default\" data-id=\"77eb29c\" data-element_type=\"section\">\n\t\t\t\t\t\t<div class=\"elementor-container elementor-column-gap-default\">\n\t\t\t\t\t<div class=\"elementor-column elementor-col-50 elementor-top-column elementor-element elementor-element-2736899\" data-id=\"2736899\" data-element_type=\"column\">\n\t\t\t<div class=\"elementor-widget-wrap elementor-element-populated\">\n\t\t\t\t\t\t<div class=\"elementor-element elementor-element-e6725ee elementor-widget elementor-widget-text-editor\" data-id=\"e6725ee\" data-element_type=\"widget\" data-widget_type=\"text-editor.default\">\n\t\t\t\t<div class=\"elementor-widget-container\">\n\t\t\t\t\t\t\t<p>Jede Entscheidung, die wir treffen, basiert auf der Erf\u00fcllung der W\u00fcnsche und Anforderungen unserer Kunden und ihrer Wertsch\u00e4tzung f\u00fcr Qualit\u00e4t. Unser Hauptsitz befindet sich in Rotterdam, der Stadt, die zu Recht als \" das Tor nach Europa\" bezeichnet wird.<\/p>\t\t\t\t\t\t<\/div>\n\t\t\t\t<\/div>\n\t\t\t\t<div class=\"elementor-element elementor-element-7ff5c03 elementor-widget elementor-widget-text-editor\" data-id=\"7ff5c03\" data-element_type=\"widget\" data-widget_type=\"text-editor.default\">\n\t\t\t\t<div class=\"elementor-widget-container\">\n\t\t\t\t\t\t\t<p>Qualit\u00e4t ist unser Versprechen. Wir importieren nur die besten Produkte auf dem Markt. Sorgf\u00e4ltig ausgew\u00e4hlte Lieferanten und Rinder, zertifiziertes Fleisch und sorgf\u00e4ltiger Transport.<br \/>cattle, certified protein and thoughtfully transported.<\/p>\t\t\t\t\t\t<\/div>\n\t\t\t\t<\/div>\n\t\t\t\t\t<\/div>\n\t\t<\/div>\n\t\t\t\t<div class=\"elementor-column elementor-col-50 elementor-top-column elementor-element elementor-element-8fd9cde\" data-id=\"8fd9cde\" data-element_type=\"column\">\n\t\t\t<div class=\"elementor-widget-wrap elementor-element-populated\">\n\t\t\t\t\t\t<div class=\"elementor-element elementor-element-7bc2575 elementor-widget elementor-widget-image\" data-id=\"7bc2575\" data-element_type=\"widget\" data-widget_type=\"image.default\">\n\t\t\t\t<div class=\"elementor-widget-container\">\n\t\t\t\t\t\t\t\t\t\t\t\t\t<img decoding=\"async\" width=\"1024\" height=\"683\" src=\"https:\/\/carnimex.nl\/wp-content\/uploads\/2020\/07\/Visual_2-1024x683.jpg\" class=\"attachment-large size-large wp-image-701\" alt=\"\" srcset=\"https:\/\/carnimex.nl\/wp-content\/uploads\/2020\/07\/Visual_2-1024x683.jpg 1024w, https:\/\/carnimex.nl\/wp-content\/uploads\/2020\/07\/Visual_2-300x200.jpg 300w, https:\/\/carnimex.nl\/wp-content\/uploads\/2020\/07\/Visual_2-768x512.jpg 768w\" sizes=\"(max-width: 1024px) 100vw, 1024px\" \/>\t\t\t\t\t\t\t\t\t\t\t\t\t<\/div>\n\t\t\t\t<\/div>\n\t\t\t\t\t<\/div>\n\t\t<\/div>\n\t\t\t\t\t<\/div>\n\t\t<\/section>\n\t\t\t\t<\/div>","protected":false},"excerpt":{"rendered":"<p>About We work with nature. The well-being of our animals results in prime beef, a product we are proud of. The better they live, the better the meat, the better our business. Simple as that. As we\u2019re in the meat importing business for over 50 years we have great respect to traditions. We celebrate our &hellip;<\/p>\n<p class=\"read-more\"> <a class=\"\" href=\"https:\/\/carnimex.nl\/de\/about\/\"> <span class=\"screen-reader-text\">\u00dcber<\/span> Weiterlesen &raquo;<\/a><\/p>","protected":false},"author":3,"featured_media":0,"parent":0,"menu_order":0,"comment_status":"closed","ping_status":"closed","template":"","meta":{"footnotes":""},"_links":{"self":[{"href":"https:\/\/carnimex.nl\/de\/wp-json\/wp\/v2\/pages\/607"}],"collection":[{"href":"https:\/\/carnimex.nl\/de\/wp-json\/wp\/v2\/pages"}],"about":[{"href":"https:\/\/carnimex.nl\/de\/wp-json\/wp\/v2\/types\/page"}],"author":[{"embeddable":true,"href":"https:\/\/carnimex.nl\/de\/wp-json\/wp\/v2\/users\/3"}],"replies":[{"embeddable":true,"href":"https:\/\/carnimex.nl\/de\/wp-json\/wp\/v2\/comments?post=607"}],"version-history":[{"count":44,"href":"https:\/\/carnimex.nl\/de\/wp-json\/wp\/v2\/pages\/607\/revisions"}],"predecessor-version":[{"id":1380,"href":"https:\/\/carnimex.nl\/de\/wp-json\/wp\/v2\/pages\/607\/revisions\/1380"}],"wp:attachment":[{"href":"https:\/\/carnimex.nl\/de\/wp-json\/wp\/v2\/media?parent=607"}],"curies":[{"name":"wp","href":"https:\/\/api.w.org\/{rel}","templated":true}]}}